{"id":650,"date":"2026-01-12T04:22:42","date_gmt":"2026-01-12T04:22:42","guid":{"rendered":"https:\/\/salescentralstore.com\/?page_id=650"},"modified":"2026-01-12T05:37:10","modified_gmt":"2026-01-12T05:37:10","slug":"caviargan","status":"publish","type":"page","link":"https:\/\/salescentralstore.com\/?page_id=650","title":{"rendered":"Caviargan"},"content":{"rendered":"\t\t<div data-elementor-type=\"wp-page\" data-elementor-id=\"650\" class=\"elementor elementor-650\">\n\t\t\t\t<div class=\"elementor-element elementor-element-8512fe8 e-flex e-con-boxed e-con e-parent\" data-id=\"8512fe8\" data-element_type=\"container\">\n\t\t\t\t\t<div class=\"e-con-inner\">\n\t\t\t\t<div class=\"elementor-element elementor-element-d2b0f5f elementor-widget elementor-widget-image\" data-id=\"d2b0f5f\" data-element_type=\"widget\" data-widget_type=\"image.default\">\n\t\t\t\t\t\t\t\t\t\t\t\t\t\t\t<img fetchpriority=\"high\" decoding=\"async\" width=\"600\" height=\"300\" src=\"https:\/\/salescentralstore.com\/wp-content\/uploads\/2026\/01\/kE8AtJ1QPLtCejP3KNbmlJiLGQx1IIHkAmwX1GeF.png\" class=\"attachment-large size-large wp-image-652\" alt=\"\" srcset=\"https:\/\/salescentralstore.com\/wp-content\/uploads\/2026\/01\/kE8AtJ1QPLtCejP3KNbmlJiLGQx1IIHkAmwX1GeF.png 600w, https:\/\/salescentralstore.com\/wp-content\/uploads\/2026\/01\/kE8AtJ1QPLtCejP3KNbmlJiLGQx1IIHkAmwX1GeF-300x150.png 300w\" sizes=\"(max-width: 600px) 100vw, 600px\" \/>\t\t\t\t\t\t\t\t\t\t\t\t\t\t\t<\/div>\n\t\t\t\t\t<\/div>\n\t\t\t\t<\/div>\n\t\t<div class=\"elementor-element elementor-element-d17bb14 e-flex e-con-boxed e-con e-parent\" data-id=\"d17bb14\" data-element_type=\"container\" data-settings=\"{&quot;background_background&quot;:&quot;classic&quot;}\">\n\t\t\t\t\t<div class=\"e-con-inner\">\n\t\t\t\t<div class=\"elementor-element elementor-element-d248868 elementor-widget elementor-widget-heading\" data-id=\"d248868\" data-element_type=\"widget\" data-widget_type=\"heading.default\">\n\t\t\t\t\t<h2 class=\"elementor-heading-title elementor-size-default\">Take advantage now with 72% off!<\/h2>\t\t\t\t<\/div>\n\t\t\t\t\t<\/div>\n\t\t\t\t<\/div>\n\t\t<div class=\"elementor-element elementor-element-0d596a5 e-flex e-con-boxed e-con e-parent\" data-id=\"0d596a5\" data-element_type=\"container\">\n\t\t\t\t\t<div class=\"e-con-inner\">\n\t\t\t\t<div class=\"elementor-element elementor-element-f32a3b3 elementor-align-center elementor-widget elementor-widget-button\" data-id=\"f32a3b3\" data-element_type=\"widget\" data-widget_type=\"button.default\">\n\t\t\t\t\t\t\t\t\t\t<a class=\"elementor-button elementor-button-link elementor-size-sm elementor-animation-pulse\" href=\"https:\/\/e-caviargan.com\/#aff=Jaquelineschimith\">\n\t\t\t\t\t\t<span class=\"elementor-button-content-wrapper\">\n\t\t\t\t\t\t<span class=\"elementor-button-icon\">\n\t\t\t\t<svg aria-hidden=\"true\" class=\"e-font-icon-svg e-far-hand-point-right\" viewBox=\"0 0 512 512\" xmlns=\"http:\/\/www.w3.org\/2000\/svg\"><path d=\"M428.8 137.6h-86.177a115.52 115.52 0 0 0 2.176-22.4c0-47.914-35.072-83.2-92-83.2-45.314 0-57.002 48.537-75.707 78.784-7.735 12.413-16.994 23.317-25.851 33.253l-.131.146-.129.148C135.662 161.807 127.764 168 120.8 168h-2.679c-5.747-4.952-13.536-8-22.12-8H32c-17.673 0-32 12.894-32 28.8v230.4C0 435.106 14.327 448 32 448h64c8.584 0 16.373-3.048 22.12-8h2.679c28.688 0 67.137 40 127.2 40h21.299c62.542 0 98.8-38.658 99.94-91.145 12.482-17.813 18.491-40.785 15.985-62.791A93.148 93.148 0 0 0 393.152 304H428.8c45.435 0 83.2-37.584 83.2-83.2 0-45.099-38.101-83.2-83.2-83.2zm0 118.4h-91.026c12.837 14.669 14.415 42.825-4.95 61.05 11.227 19.646 1.687 45.624-12.925 53.625 6.524 39.128-10.076 61.325-50.6 61.325H248c-45.491 0-77.21-35.913-120-39.676V215.571c25.239-2.964 42.966-21.222 59.075-39.596 11.275-12.65 21.725-25.3 30.799-39.875C232.355 112.712 244.006 80 252.8 80c23.375 0 44 8.8 44 35.2 0 35.2-26.4 53.075-26.4 70.4h158.4c18.425 0 35.2 16.5 35.2 35.2 0 18.975-16.225 35.2-35.2 35.2zM88 384c0 13.255-10.745 24-24 24s-24-10.745-24-24 10.745-24 24-24 24 10.745 24 24z\"><\/path><\/svg>\t\t\t<\/span>\n\t\t\t\t\t\t\t\t\t<span class=\"elementor-button-text\"> Official Website Here<\/span>\n\t\t\t\t\t<\/span>\n\t\t\t\t\t<\/a>\n\t\t\t\t\t\t\t\t<\/div>\n\t\t\t\t\t<\/div>\n\t\t\t\t<\/div>\n\t\t<div class=\"elementor-element elementor-element-b5d286e e-flex e-con-boxed e-con e-parent\" data-id=\"b5d286e\" data-element_type=\"container\">\n\t\t\t\t\t<div class=\"e-con-inner\">\n\t\t\t\t<div class=\"elementor-element elementor-element-ca1525d elementor-widget elementor-widget-image\" data-id=\"ca1525d\" data-element_type=\"widget\" data-widget_type=\"image.default\">\n\t\t\t\t\t\t\t\t\t\t\t\t\t\t\t<img decoding=\"async\" width=\"834\" height=\"200\" src=\"https:\/\/salescentralstore.com\/wp-content\/uploads\/2026\/01\/Captura-de-tela-2026-01-12-014801.png\" class=\"attachment-large size-large wp-image-681\" alt=\"\" srcset=\"https:\/\/salescentralstore.com\/wp-content\/uploads\/2026\/01\/Captura-de-tela-2026-01-12-014801.png 834w, https:\/\/salescentralstore.com\/wp-content\/uploads\/2026\/01\/Captura-de-tela-2026-01-12-014801-300x72.png 300w, https:\/\/salescentralstore.com\/wp-content\/uploads\/2026\/01\/Captura-de-tela-2026-01-12-014801-768x184.png 768w\" sizes=\"(max-width: 834px) 100vw, 834px\" \/>\t\t\t\t\t\t\t\t\t\t\t\t\t\t\t<\/div>\n\t\t\t\t\t<\/div>\n\t\t\t\t<\/div>\n\t\t<div class=\"elementor-element elementor-element-f484dca e-flex e-con-boxed e-con e-parent\" data-id=\"f484dca\" data-element_type=\"container\">\n\t\t\t\t\t<div class=\"e-con-inner\">\n\t\t\t\t<div class=\"elementor-element elementor-element-15e9405 elementor-widget elementor-widget-image\" data-id=\"15e9405\" data-element_type=\"widget\" data-widget_type=\"image.default\">\n\t\t\t\t\t\t\t\t\t\t\t\t\t\t\t<img decoding=\"async\" width=\"826\" height=\"172\" src=\"https:\/\/salescentralstore.com\/wp-content\/uploads\/2026\/01\/Captura-de-tela-2026-01-12-014813.png\" class=\"attachment-large size-large wp-image-680\" alt=\"\" srcset=\"https:\/\/salescentralstore.com\/wp-content\/uploads\/2026\/01\/Captura-de-tela-2026-01-12-014813.png 826w, https:\/\/salescentralstore.com\/wp-content\/uploads\/2026\/01\/Captura-de-tela-2026-01-12-014813-300x62.png 300w, https:\/\/salescentralstore.com\/wp-content\/uploads\/2026\/01\/Captura-de-tela-2026-01-12-014813-768x160.png 768w\" sizes=\"(max-width: 826px) 100vw, 826px\" \/>\t\t\t\t\t\t\t\t\t\t\t\t\t\t\t<\/div>\n\t\t\t\t\t<\/div>\n\t\t\t\t<\/div>\n\t\t<div class=\"elementor-element elementor-element-2ee2e76 e-flex e-con-boxed e-con e-parent\" data-id=\"2ee2e76\" data-element_type=\"container\">\n\t\t\t\t\t<div class=\"e-con-inner\">\n\t\t\t\t<div class=\"elementor-element elementor-element-6602b75 elementor-widget elementor-widget-heading\" data-id=\"6602b75\" data-element_type=\"widget\" data-widget_type=\"heading.default\">\n\t\t\t\t\t<h2 class=\"elementor-heading-title elementor-size-default\">As declara\u00e7\u00f5es neste site n\u00e3o foram avaliadas pela Food and Drug Administration (FDA). Os produtos n\u00e3o se destinam a diagnosticar, tratar, curar ou prevenir qualquer doen\u00e7a. Se voc\u00ea estiver gr\u00e1vida, amamentando, tomando medicamentos ou tiver algum problema de sa\u00fade, consulte seu m\u00e9dico antes de usar nossos produtos.\n<\/h2>\t\t\t\t<\/div>\n\t\t\t\t\t<\/div>\n\t\t\t\t<\/div>\n\t\t<div class=\"elementor-element elementor-element-fb6e9f6 e-flex e-con-boxed e-con e-parent\" data-id=\"fb6e9f6\" data-element_type=\"container\">\n\t\t\t\t\t<div class=\"e-con-inner\">\n\t\t\t\t<div class=\"elementor-element elementor-element-43b7917 elementor-widget elementor-widget-heading\" data-id=\"43b7917\" data-element_type=\"widget\" data-widget_type=\"heading.default\">\n\t\t\t\t\t<h2 class=\"elementor-heading-title elementor-size-default\">\u00a9 2026 CaviArgan. Todos os direitos reservados.<\/h2>\t\t\t\t<\/div>\n\t\t\t\t\t<\/div>\n\t\t\t\t<\/div>\n\t\t\t\t<\/div>\n\t\t","protected":false},"excerpt":{"rendered":"<p>Take advantage now with 72% off! Official Website Here As declara\u00e7\u00f5es neste site n\u00e3o foram avaliadas pela Food and Drug Administration (FDA). Os produtos n\u00e3o se destinam a diagnosticar, tratar, curar ou prevenir qualquer doen\u00e7a. Se voc\u00ea estiver gr\u00e1vida, amamentando, tomando medicamentos ou tiver algum problema de sa\u00fade, consulte seu m\u00e9dico antes de usar nossos [&hellip;]<\/p>\n","protected":false},"author":1,"featured_media":0,"parent":0,"menu_order":0,"comment_status":"closed","ping_status":"closed","template":"elementor_canvas","meta":{"footnotes":""},"class_list":["post-650","page","type-page","status-publish","hentry"],"_hostinger_reach_plugin_has_subscription_block":false,"_hostinger_reach_plugin_is_elementor":false,"_links":{"self":[{"href":"https:\/\/salescentralstore.com\/index.php?rest_route=\/wp\/v2\/pages\/650","targetHints":{"allow":["GET"]}}],"collection":[{"href":"https:\/\/salescentralstore.com\/index.php?rest_route=\/wp\/v2\/pages"}],"about":[{"href":"https:\/\/salescentralstore.com\/index.php?rest_route=\/wp\/v2\/types\/page"}],"author":[{"embeddable":true,"href":"https:\/\/salescentralstore.com\/index.php?rest_route=\/wp\/v2\/users\/1"}],"replies":[{"embeddable":true,"href":"https:\/\/salescentralstore.com\/index.php?rest_route=%2Fwp%2Fv2%2Fcomments&post=650"}],"version-history":[{"count":46,"href":"https:\/\/salescentralstore.com\/index.php?rest_route=\/wp\/v2\/pages\/650\/revisions"}],"predecessor-version":[{"id":706,"href":"https:\/\/salescentralstore.com\/index.php?rest_route=\/wp\/v2\/pages\/650\/revisions\/706"}],"wp:attachment":[{"href":"https:\/\/salescentralstore.com\/index.php?rest_route=%2Fwp%2Fv2%2Fmedia&parent=650"}],"curies":[{"name":"wp","href":"https:\/\/api.w.org\/{rel}","templated":true}]}}